{"id":1350,"date":"2013-05-22T00:34:44","date_gmt":"2013-05-21T22:34:44","guid":{"rendered":"http:\/\/www.munichoperahorns.com\/fan-faire\/"},"modified":"2015-05-24T17:01:38","modified_gmt":"2015-05-24T15:01:38","slug":"fan-faire","status":"publish","type":"page","link":"https:\/\/www.munichoperahorns.com\/en\/cds\/fan-faire\/","title":{"rendered":"Fan Faire"},"content":{"rendered":"<p><img loading=\"lazy\" decoding=\"async\" class=\"size-medium wp-image-1051\" src=\"http:\/\/www.munichoperahorns.com\/mediafiles\/Munic_Opera_Horns_Cover_300dpi_RGB-300x297.jpg\" alt=\"MOH CD COVER FAN FAIRE\" width=\"300\" height=\"297\" srcset=\"https:\/\/www.munichoperahorns.com\/mediafiles\/Munic_Opera_Horns_Cover_300dpi_RGB-300x297.jpg 300w, https:\/\/www.munichoperahorns.com\/mediafiles\/Munic_Opera_Horns_Cover_300dpi_RGB-150x150.jpg 150w, https:\/\/www.munichoperahorns.com\/mediafiles\/Munic_Opera_Horns_Cover_300dpi_RGB-1024x1015.jpg 1024w, https:\/\/www.munichoperahorns.com\/mediafiles\/Munic_Opera_Horns_Cover_300dpi_RGB-81x80.jpg 81w, https:\/\/www.munichoperahorns.com\/mediafiles\/Munic_Opera_Horns_Cover_300dpi_RGB-807x800.jpg 807w, https:\/\/www.munichoperahorns.com\/mediafiles\/Munic_Opera_Horns_Cover_300dpi_RGB.jpg 1429w\" sizes=\"auto, (max-width: 300px) 100vw, 300px\" \/><\/p>\n<h2>FAN FAIRE &#8211; THE FIRST ALBUM<\/h2>\n<p><strong>MUNICH OPERA HORNS<\/strong><br \/>\nJohannes Dengler, Franz Draxinger, Rainer Schmitz, Milena Viotti, Wolfram Sirotek, Maximilian Hochwimmer, Christian Loferer, Stefan B\u00f6hning, Casey Rippon.<br \/>\nGuests: Ralf Springman, Carla Gedicke.<em><br \/>\n<\/em><\/p>\n<p><strong><br \/>\n<\/strong><\/p>\n<p>&#8220;<em>Grandios&#8221;<\/em><br \/>\n<em>&#8220;Das stimmt einfach alles. Der Klang. Die Abstimmung der Register. Die g\u00e4nzlich uneitle Diktion<\/em><br \/>\n<em>&#8220;\u2026Gro\u00dfe Oper in kleiner Besetzung, klanglich ausget\u00fcftelt bis ins Detail&#8221;<\/em><br \/>\n<em>&#8220;\u2026der alte Bach h\u00e4tte seine Freue gehabt. Halleluja.&#8221;<\/em><br \/>\nStuttgarter Zeitung, Hans J\u00f6rg Wangner<\/p>\n<p><em>&#8220;\u2026the disc is a pleasure<\/em><i>\u2026<\/i><br \/>\n<em>&#8220;&#8230;the playing is lovely, affectionate, lyrical\u2026&#8221;<\/em><br \/>\n<em>&#8220;\u2026the musicians clearly listen to each other and work to get a true blended sound and to phrase as a unified ensemble\u2026&#8221;<\/em><br \/>\n<em> &#8220;Those who love the French horn for his beauty should enjoy this disc.&#8221;<\/em><br \/>\nfanfare magazine, Henry Fogel<\/p>\n<p><em>&#8220;Ein wahres F\u00fcllhorn, diese CD\u2026Schon erstaunlich, was alles an Farben in einem Horn und welch kreatives Potenzial in diesem Orchester werkelt&#8221;<\/em><br \/>\nAbendzeitung, Robert Braunm\u00fcller<\/p>\n<p><em>&#8220;&#8230;die ganz hervorragenden H\u00f6rner vom Bayerischen Staatsorchester\u2026&#8221;<br \/>\n&#8220;&#8230;besonders spannend ist &#8220;Nun komm, der Heiden Heiland&#8221;. Beinahe ein Universum f\u00fcr sich ist das siebenmin\u00fctige Titelst\u00fcck &#8220;Fan Faire&#8221;.<br \/>\n&#8220;Es lotet alle Klangm\u00f6glichkeiten des Waldhorns aus und distanziert sich wohltuend von der g\u00e4ngigen Hornromantik\u2026&#8221;<br \/>\n<\/em>Das Orchester, Johannes Killyen<\/p>\n<p><em>&#8220;\u2026begeistern mit strahlendem Klang, feiner dynamischer Zeichnung und einer gelungenen Programmzusammenstellung\u2026&#8221;<\/em><br \/>\n<em>&#8220;\u2026hier hat man wahrlich genug, was zum Schw\u00e4rmen Anlass gibt\u2026&#8221;<\/em><br \/>\n<em>&#8220;Die Munich Opera Horns spielen mit einem butterweichen Legato\u2026&#8221;<\/em><br \/>\n<em>&#8220;\u2026wundersch\u00f6n schlicht und klanglich einf\u00fchlsam\u2026man erliegt willig allein der von den Munich Opera Horns entfaltenden klanglichen Strahlkraft\u2026&#8221;<\/em><br \/>\n<em>&#8220;Die Munich Opera Horns begeistern durchweg\u2026lupenreiner Intonation, einer breiten Palette von Klangfarben und vor allem einer minuti\u00f6sen Abstimmung&#8221;<\/em><br \/>\n<em>&#8220;\u2026Crescendi auf engem Raum entwickeln einen unwiderstehlicher Sog\u2026&#8221;<\/em><br \/>\n<em>&#8220;&#8230;Produktion ist absolut empfehlenswert\u2026&#8221;<\/em><br \/>\nKLASSIK.COM, Florian Schreiner<\/p>\n<p>Listen to excepts from our CD:<\/p>\n<p><a style=\"display: inline-block; overflow: hidden; background: url('http:\/\/development-linkmaker.itunes.awcloud.net\/\/htmlResources\/assets\/de_de\/\/images\/web\/linkmaker\/badge_itunes-lrg.png') no-repeat; width: 110px; height: 40px; @media only screen{background-image: url('http:\/\/development-linkmaker.itunes.awcloud.net\/\/htmlResources\/assets\/de_de\/\/images\/web\/linkmaker\/badge_itunes-lrg.svg');\" href=\"http:\/\/clkuk.tradedoubler.com\/click?p=23761&amp;a=2318228&amp;url=https%3A%2F%2Fitunes.apple.com%2Fde%2Falbum%2Ffan-faire-music-for-horn-ensemble%2Fid714178483%3Fuo%3D4%26partnerId%3D2003\" target=\"itunes_store\">\u00a0<\/a><\/p>\n<p><a href=\"http:\/\/www.farao-classics.de\/english\/catalogue\/moh_fanfaire-e.html\"><strong>Order CD<\/strong><\/a><\/p>\n<p>&nbsp;<\/p>\n<p>&nbsp;<\/p>\n<p>&nbsp;<\/p>\n","protected":false},"excerpt":{"rendered":"<p>FAN FAIRE &#8211; THE FIRST ALBUM MUNICH OPERA HORNS Johannes Dengler, Franz Draxinger, Rainer Schmitz, Milena Viotti, Wolfram Sirotek, Maximilian Hochwimmer, Christian Loferer, Stefan B\u00f6hning, Casey Rippon. Guests: Ralf Springman, Carla Gedicke. &#8220;Grandios&#8221; &#8220;Das stimmt einfach alles. Der Klang. Die Abstimmung der Register. Die g\u00e4nzlich uneitle Diktion &#8220;\u2026Gro\u00dfe Oper in kleiner Besetzung, klanglich ausget\u00fcftelt bis [&hellip;]<\/p>\n","protected":false},"author":4,"featured_media":0,"parent":1381,"menu_order":0,"comment_status":"closed","ping_status":"closed","template":"","meta":{"_acf_changed":false,"footnotes":""},"class_list":["post-1350","page","type-page","status-publish","hentry"],"acf":[],"_links":{"self":[{"href":"https:\/\/www.munichoperahorns.com\/en\/wp-json\/wp\/v2\/pages\/1350","targetHints":{"allow":["GET"]}}],"collection":[{"href":"https:\/\/www.munichoperahorns.com\/en\/wp-json\/wp\/v2\/pages"}],"about":[{"href":"https:\/\/www.munichoperahorns.com\/en\/wp-json\/wp\/v2\/types\/page"}],"author":[{"embeddable":true,"href":"https:\/\/www.munichoperahorns.com\/en\/wp-json\/wp\/v2\/users\/4"}],"replies":[{"embeddable":true,"href":"https:\/\/www.munichoperahorns.com\/en\/wp-json\/wp\/v2\/comments?post=1350"}],"version-history":[{"count":5,"href":"https:\/\/www.munichoperahorns.com\/en\/wp-json\/wp\/v2\/pages\/1350\/revisions"}],"predecessor-version":[{"id":1576,"href":"https:\/\/www.munichoperahorns.com\/en\/wp-json\/wp\/v2\/pages\/1350\/revisions\/1576"}],"up":[{"embeddable":true,"href":"https:\/\/www.munichoperahorns.com\/en\/wp-json\/wp\/v2\/pages\/1381"}],"wp:attachment":[{"href":"https:\/\/www.munichoperahorns.com\/en\/wp-json\/wp\/v2\/media?parent=1350"}],"curies":[{"name":"wp","href":"https:\/\/api.w.org\/{rel}","templated":true}]}}