{"id":1352,"date":"2013-04-23T01:01:45","date_gmt":"2013-04-22T23:01:45","guid":{"rendered":"http:\/\/www.munichoperahorns.com\/?page_id=1352"},"modified":"2015-05-14T15:46:56","modified_gmt":"2015-05-14T13:46:56","slug":"archive-2008","status":"publish","type":"page","link":"https:\/\/www.munichoperahorns.com\/en\/whats-on\/archive-2008\/","title":{"rendered":"Archive 2008"},"content":{"rendered":"<h2>Konzerte 2008<\/h2>\n<p>15. Juli 2008<br \/>\nBayerische Staatsoper<br \/>\nFestspielkammerkonzert zur Wiederer\u00f6ffnung des Cuvill\u00e9stheaters<br \/>\nCuvill\u00e9stheater, M\u00fcnchen<\/p>\n<p>26. Oktober 2008<br \/>\nBayerische Staatsoper<br \/>\nMatinee im Rahmen des Oktobermusikfest<br \/>\nAllerheiligen Hofkirche, M\u00fcnchen<\/p>\n<p>28. Oktober 2008<br \/>\nBayerische Staatsoper<br \/>\nKonzert im Rahmen des Oktobermusikfest<br \/>\nAllerheiligen Hofkirche, M\u00fcnchen<\/p>\n<p>&nbsp;<\/p>\n<p>&nbsp;<\/p>\n","protected":false},"excerpt":{"rendered":"<p>Konzerte 2008 15. Juli 2008 Bayerische Staatsoper Festspielkammerkonzert zur Wiederer\u00f6ffnung des Cuvill\u00e9stheaters Cuvill\u00e9stheater, M\u00fcnchen 26. Oktober 2008 Bayerische Staatsoper Matinee im Rahmen des Oktobermusikfest Allerheiligen Hofkirche, M\u00fcnchen 28. Oktober 2008 Bayerische Staatsoper Konzert im Rahmen des Oktobermusikfest Allerheiligen Hofkirche, M\u00fcnchen &nbsp; &nbsp;<\/p>\n","protected":false},"author":4,"featured_media":0,"parent":1382,"menu_order":18,"comment_status":"closed","ping_status":"closed","template":"","meta":{"_acf_changed":false,"footnotes":""},"class_list":["post-1352","page","type-page","status-publish","hentry"],"acf":[],"_links":{"self":[{"href":"https:\/\/www.munichoperahorns.com\/en\/wp-json\/wp\/v2\/pages\/1352","targetHints":{"allow":["GET"]}}],"collection":[{"href":"https:\/\/www.munichoperahorns.com\/en\/wp-json\/wp\/v2\/pages"}],"about":[{"href":"https:\/\/www.munichoperahorns.com\/en\/wp-json\/wp\/v2\/types\/page"}],"author":[{"embeddable":true,"href":"https:\/\/www.munichoperahorns.com\/en\/wp-json\/wp\/v2\/users\/4"}],"replies":[{"embeddable":true,"href":"https:\/\/www.munichoperahorns.com\/en\/wp-json\/wp\/v2\/comments?post=1352"}],"version-history":[{"count":1,"href":"https:\/\/www.munichoperahorns.com\/en\/wp-json\/wp\/v2\/pages\/1352\/revisions"}],"predecessor-version":[{"id":1466,"href":"https:\/\/www.munichoperahorns.com\/en\/wp-json\/wp\/v2\/pages\/1352\/revisions\/1466"}],"up":[{"embeddable":true,"href":"https:\/\/www.munichoperahorns.com\/en\/wp-json\/wp\/v2\/pages\/1382"}],"wp:attachment":[{"href":"https:\/\/www.munichoperahorns.com\/en\/wp-json\/wp\/v2\/media?parent=1352"}],"curies":[{"name":"wp","href":"https:\/\/api.w.org\/{rel}","templated":true}]}}