{"id":1357,"date":"2013-03-22T08:25:11","date_gmt":"2013-03-22T06:25:11","guid":{"rendered":"http:\/\/www.munichoperahorns.com\/ein-blick-zurueck\/"},"modified":"2015-05-14T16:17:33","modified_gmt":"2015-05-14T14:17:33","slug":"past-photos","status":"publish","type":"page","link":"https:\/\/www.munichoperahorns.com\/en\/history\/past-photos\/","title":{"rendered":"past photos"},"content":{"rendered":"<h2>Past Horn Sections<\/h2>\n<p>to read more about the history of the Bayerische Staatsoper click <a href=\"https:\/\/www.staatsoper.de\/en\/staatsoper\/history\/bayerische-staatsoper.html\">hier<\/a>.<\/p>\n<h2>The Horn section around 1975<\/h2>\n<p><img loading=\"lazy\" decoding=\"async\" class=\"alignnone size-full wp-image-487\" src=\"http:\/\/www.munichoperahorns.com\/mediafiles\/1975Horngruppe1.jpg\" alt=\"1975Horngruppe\" width=\"550\" height=\"382\" srcset=\"https:\/\/www.munichoperahorns.com\/mediafiles\/1975Horngruppe1.jpg 550w, https:\/\/www.munichoperahorns.com\/mediafiles\/1975Horngruppe1-300x208.jpg 300w, https:\/\/www.munichoperahorns.com\/mediafiles\/1975Horngruppe1-115x80.jpg 115w\" sizes=\"auto, (max-width: 550px) 100vw, 550px\" \/><\/p>\n<p>Hiroshi Matsuzaki\u00a0&#8211; Rolf J\u00fcrgen Eisermann &#8211; Volker Hardt &#8211; Prof. Hans Pizka &#8211; Klaus Wallendorf &#8211; Karl Heinz Fedder<br \/>\nHans Walter Burkhart &#8211; Richard Theurer &#8211; Ludwig Heibl &#8211; Prof. Otto Schmitz &#8211; Sebastian Huber<\/p>\n<p><a href=\"http:\/\/www.munichoperahorns.com\/hornisten\/alle-hornisten\/siegfried_1937\/\" rel=\"attachment wp-att-601\"><img loading=\"lazy\" decoding=\"async\" class=\"alignnone size-full wp-image-601\" src=\"http:\/\/www.munichoperahorns.com\/mediafiles\/Siegfried_1937.jpg\" alt=\"Siegfried_1937\" width=\"550\" height=\"907\" srcset=\"https:\/\/www.munichoperahorns.com\/mediafiles\/Siegfried_1937.jpg 550w, https:\/\/www.munichoperahorns.com\/mediafiles\/Siegfried_1937-49x80.jpg 49w, https:\/\/www.munichoperahorns.com\/mediafiles\/Siegfried_1937-485x800.jpg 485w\" sizes=\"auto, (max-width: 550px) 100vw, 550px\" \/><\/a><\/p>\n<p><img loading=\"lazy\" decoding=\"async\" class=\"alignnone size-full wp-image-584\" src=\"http:\/\/www.munichoperahorns.com\/mediafiles\/11.10.1920_AKO.jpg\" alt=\"11.10.1920_AKO\" width=\"550\" height=\"735\" srcset=\"https:\/\/www.munichoperahorns.com\/mediafiles\/11.10.1920_AKO.jpg 550w, https:\/\/www.munichoperahorns.com\/mediafiles\/11.10.1920_AKO-224x300.jpg 224w, https:\/\/www.munichoperahorns.com\/mediafiles\/11.10.1920_AKO-60x80.jpg 60w\" sizes=\"auto, (max-width: 550px) 100vw, 550px\" \/><\/p>\n<h2>Bayerisches Staatsorchester 1911<\/h2>\n<p><img loading=\"lazy\" decoding=\"async\" class=\"alignnone size-full wp-image-592\" src=\"http:\/\/www.munichoperahorns.com\/mediafiles\/Bayerisches-Staatsorchester-1911.jpg\" alt=\"Bayerisches-Staatsorchester-1911\" width=\"550\" height=\"298\" srcset=\"https:\/\/www.munichoperahorns.com\/mediafiles\/Bayerisches-Staatsorchester-1911.jpg 550w, https:\/\/www.munichoperahorns.com\/mediafiles\/Bayerisches-Staatsorchester-1911-300x162.jpg 300w, https:\/\/www.munichoperahorns.com\/mediafiles\/Bayerisches-Staatsorchester-1911-120x65.jpg 120w\" sizes=\"auto, (max-width: 550px) 100vw, 550px\" \/><\/p>\n<h2>Schumann Konzertst\u00fcck f\u00fcr vier H\u00f6rner &#8211; Performanced on 23. M\u00e4rz 1887<\/h2>\n<p><img loading=\"lazy\" decoding=\"async\" class=\"alignnone size-full wp-image-594\" src=\"http:\/\/www.munichoperahorns.com\/mediafiles\/23.03.1887.jpg\" alt=\"23.03.1887\" width=\"550\" height=\"842\" srcset=\"https:\/\/www.munichoperahorns.com\/mediafiles\/23.03.1887.jpg 550w, https:\/\/www.munichoperahorns.com\/mediafiles\/23.03.1887-195x300.jpg 195w, https:\/\/www.munichoperahorns.com\/mediafiles\/23.03.1887-52x80.jpg 52w, https:\/\/www.munichoperahorns.com\/mediafiles\/23.03.1887-523x800.jpg 523w\" sizes=\"auto, (max-width: 550px) 100vw, 550px\" \/><\/p>\n<h2>Richard Strauss with Bayerischen Staatsorchester\u00a0 M\u00fcnchen<\/h2>\n<p><img loading=\"lazy\" decoding=\"async\" class=\"alignnone size-full wp-image-588\" src=\"http:\/\/www.munichoperahorns.com\/mediafiles\/Richard_Strauss_Odeon.jpg\" alt=\"Richard_Strauss_Odeon\" width=\"550\" height=\"326\" srcset=\"https:\/\/www.munichoperahorns.com\/mediafiles\/Richard_Strauss_Odeon.jpg 550w, https:\/\/www.munichoperahorns.com\/mediafiles\/Richard_Strauss_Odeon-300x177.jpg 300w, https:\/\/www.munichoperahorns.com\/mediafiles\/Richard_Strauss_Odeon-120x71.jpg 120w\" sizes=\"auto, (max-width: 550px) 100vw, 550px\" \/><\/p>\n<h2>Franz Strauss, the father of Richard Strauss, written on the Orchestra list from 14. Juni 1875<\/h2>\n<p><img loading=\"lazy\" decoding=\"async\" class=\"alignnone size-full wp-image-586\" src=\"http:\/\/www.munichoperahorns.com\/mediafiles\/14.06.1875.jpg\" alt=\"14.06.1875\" width=\"550\" height=\"377\" srcset=\"https:\/\/www.munichoperahorns.com\/mediafiles\/14.06.1875.jpg 550w, https:\/\/www.munichoperahorns.com\/mediafiles\/14.06.1875-300x205.jpg 300w, https:\/\/www.munichoperahorns.com\/mediafiles\/14.06.1875-117x80.jpg 117w\" sizes=\"auto, (max-width: 550px) 100vw, 550px\" \/><\/p>\n<p>&nbsp;<\/p>\n","protected":false},"excerpt":{"rendered":"<p>Past Horn Sections to read more about the history of the Bayerische Staatsoper click hier. The Horn section around 1975 Hiroshi Matsuzaki\u00a0&#8211; Rolf J\u00fcrgen Eisermann &#8211; Volker Hardt &#8211; Prof. Hans Pizka &#8211; Klaus Wallendorf &#8211; Karl Heinz Fedder Hans Walter Burkhart &#8211; Richard Theurer &#8211; Ludwig Heibl &#8211; Prof. Otto Schmitz &#8211; Sebastian Huber [&hellip;]<\/p>\n","protected":false},"author":2,"featured_media":0,"parent":1358,"menu_order":6,"comment_status":"closed","ping_status":"closed","template":"","meta":{"_acf_changed":false,"footnotes":""},"class_list":["post-1357","page","type-page","status-publish","hentry"],"acf":[],"_links":{"self":[{"href":"https:\/\/www.munichoperahorns.com\/en\/wp-json\/wp\/v2\/pages\/1357","targetHints":{"allow":["GET"]}}],"collection":[{"href":"https:\/\/www.munichoperahorns.com\/en\/wp-json\/wp\/v2\/pages"}],"about":[{"href":"https:\/\/www.munichoperahorns.com\/en\/wp-json\/wp\/v2\/types\/page"}],"author":[{"embeddable":true,"href":"https:\/\/www.munichoperahorns.com\/en\/wp-json\/wp\/v2\/users\/2"}],"replies":[{"embeddable":true,"href":"https:\/\/www.munichoperahorns.com\/en\/wp-json\/wp\/v2\/comments?post=1357"}],"version-history":[{"count":2,"href":"https:\/\/www.munichoperahorns.com\/en\/wp-json\/wp\/v2\/pages\/1357\/revisions"}],"predecessor-version":[{"id":1481,"href":"https:\/\/www.munichoperahorns.com\/en\/wp-json\/wp\/v2\/pages\/1357\/revisions\/1481"}],"up":[{"embeddable":true,"href":"https:\/\/www.munichoperahorns.com\/en\/wp-json\/wp\/v2\/pages\/1358"}],"wp:attachment":[{"href":"https:\/\/www.munichoperahorns.com\/en\/wp-json\/wp\/v2\/media?parent=1357"}],"curies":[{"name":"wp","href":"https:\/\/api.w.org\/{rel}","templated":true}]}}