{"id":1359,"date":"2013-02-24T18:23:52","date_gmt":"2013-02-24T16:23:52","guid":{"rendered":"http:\/\/www.munichoperahorns.com\/zitate\/"},"modified":"2015-05-18T00:43:18","modified_gmt":"2015-05-17T22:43:18","slug":"quotes-in-german","status":"publish","type":"page","link":"https:\/\/www.munichoperahorns.com\/en\/ueber-uns\/quotes-in-german\/","title":{"rendered":"Quotes (in German)"},"content":{"rendered":"<h2>Zitate<\/h2>\n<h2>Kent Nagano<\/h2>\n<p>Orchester sind \u00fcberaus empfindsame Organismen, die aus dem Zusammenwirken, den Reibungen und den vielf\u00e4ltigen Balanceakten unter den verschiedenen Instrumentengruppen und \u2013qualit\u00e4ten ihre spezifische Charakteristik gewinnen und entfalten. Zu den sensibelsten\u00a0 Gruppen\u00a0 geh\u00f6ren dabei die H\u00f6rner. Sie bilden gleichsam die \u201eseelische\u201c Substanz des Orchesterorganismus. Mit zu den sch\u00f6nsten und denkw\u00fcrdigsten Erlebnissen in meiner Dirigentenlaufbahn geh\u00f6rt die Begegnung mit dem H\u00f6rnerklang aus dem Bayerischen Staatsorchester.\u00a0 Diese Sicherheit in der Intonation, diese Sauberkeit und Klarheit in den Harmonien, diese Homogenit\u00e4t der Schwingungen, dieses weitgespannte Artikulationsspektrum, diese Kraft, dieses Geheimnisvolle, dieser verwunschene Zauber! \u00a0&#8211; \u00a0ich konnte nur staunen und bewundern, und ich begriff, wie wertvoll und entscheidend wichtig eine derart gute H\u00f6rnergruppe f\u00fcr die spezifische Qualit\u00e4t eines Orchesters ist. Vielleicht gehe ich zu weit, wenn ich glaube, dass gerade darin sich ein Erbe der einmalig reichen Tradition \u00e4u\u00dfert, die in diesem Orchester lebendig ist. Man versteht und f\u00fchlt es geradezu aus dem Klang, warum seinerzeit Wolfgang Amadeus Mozart dieses Orchester, das meint die Vorg\u00e4nger-Hofkapelle,\u00a0 so sehr sch\u00e4tzte und liebte; es entsprach seiner ungew\u00f6hnlichen inspirativen Kraft und stimulierte diese. Was Sch\u00f6neres kann man sich vorstellen f\u00fcr die Partnerschaft von Komponist und praktizierenden Musikern!<\/p>\n<p><a href=\"\/?page_id=348\" rel=\"attachment wp-att-348\"><img loading=\"lazy\" decoding=\"async\" class=\"alignnone size-medium wp-image-348\" src=\"http:\/\/www.munichoperahorns.com\/mediafiles\/Kent-Nagano-300x144.jpg\" alt=\"Kent Nagano\" width=\"300\" height=\"144\" srcset=\"https:\/\/www.munichoperahorns.com\/mediafiles\/Kent-Nagano-300x144.jpg 300w, https:\/\/www.munichoperahorns.com\/mediafiles\/Kent-Nagano-1024x493.jpg 1024w, https:\/\/www.munichoperahorns.com\/mediafiles\/Kent-Nagano-120x58.jpg 120w, https:\/\/www.munichoperahorns.com\/mediafiles\/Kent-Nagano.jpg 1190w\" sizes=\"auto, (max-width: 300px) 100vw, 300px\" \/><\/a><\/p>\n<h2>Zubin Mehta<\/h2>\n<p>W\u00e4hrend der acht Jahre, die ich als Generalmusikdirektor an der Bayerischen Staatsoper t\u00e4tig war, habe ich die wunderbare Horngruppe des Bayerischen Staatsorchesters immer wieder bewundert. Die fantastischen Ring Vorstellungen, die 3. Mahler auf Tournee und zu Hause, so viele bewegende Stunden wunderbaren Musizierens kommen mir in den Sinn. Die gesamte Horngruppe hat mir immer wieder gro\u00dfes Vergn\u00fcgen bereitet und ich freue mich auf kommende gemeinsame Konzerte und Vorstellungen.<\/p>\n<p>In herzlicher Verbundenheit,\u00a0Zubin Mehta<\/p>\n<p><img loading=\"lazy\" decoding=\"async\" class=\"alignnone size-full wp-image-232\" src=\"http:\/\/www.munichoperahorns.com\/mediafiles\/moh_sig_mehta.jpg\" alt=\"moh_sig_mehta\" width=\"151\" height=\"78\" srcset=\"https:\/\/www.munichoperahorns.com\/mediafiles\/moh_sig_mehta.jpg 232w, https:\/\/www.munichoperahorns.com\/mediafiles\/moh_sig_mehta-120x62.jpg 120w\" sizes=\"auto, (max-width: 151px) 100vw, 151px\" \/><\/p>\n","protected":false},"excerpt":{"rendered":"<p>Zitate Kent Nagano Orchester sind \u00fcberaus empfindsame Organismen, die aus dem Zusammenwirken, den Reibungen und den vielf\u00e4ltigen Balanceakten unter den verschiedenen Instrumentengruppen und \u2013qualit\u00e4ten ihre spezifische Charakteristik gewinnen und entfalten. Zu den sensibelsten\u00a0 Gruppen\u00a0 geh\u00f6ren dabei die H\u00f6rner. Sie bilden gleichsam die \u201eseelische\u201c Substanz des Orchesterorganismus. Mit zu den sch\u00f6nsten und denkw\u00fcrdigsten Erlebnissen in meiner [&hellip;]<\/p>\n","protected":false},"author":1,"featured_media":0,"parent":1384,"menu_order":4,"comment_status":"closed","ping_status":"closed","template":"","meta":{"_acf_changed":false,"footnotes":""},"class_list":["post-1359","page","type-page","status-publish","hentry"],"acf":[],"_links":{"self":[{"href":"https:\/\/www.munichoperahorns.com\/en\/wp-json\/wp\/v2\/pages\/1359","targetHints":{"allow":["GET"]}}],"collection":[{"href":"https:\/\/www.munichoperahorns.com\/en\/wp-json\/wp\/v2\/pages"}],"about":[{"href":"https:\/\/www.munichoperahorns.com\/en\/wp-json\/wp\/v2\/types\/page"}],"author":[{"embeddable":true,"href":"https:\/\/www.munichoperahorns.com\/en\/wp-json\/wp\/v2\/users\/1"}],"replies":[{"embeddable":true,"href":"https:\/\/www.munichoperahorns.com\/en\/wp-json\/wp\/v2\/comments?post=1359"}],"version-history":[{"count":1,"href":"https:\/\/www.munichoperahorns.com\/en\/wp-json\/wp\/v2\/pages\/1359\/revisions"}],"predecessor-version":[{"id":1568,"href":"https:\/\/www.munichoperahorns.com\/en\/wp-json\/wp\/v2\/pages\/1359\/revisions\/1568"}],"up":[{"embeddable":true,"href":"https:\/\/www.munichoperahorns.com\/en\/wp-json\/wp\/v2\/pages\/1384"}],"wp:attachment":[{"href":"https:\/\/www.munichoperahorns.com\/en\/wp-json\/wp\/v2\/media?parent=1359"}],"curies":[{"name":"wp","href":"https:\/\/api.w.org\/{rel}","templated":true}]}}