{"id":1361,"date":"2013-02-21T15:55:43","date_gmt":"2013-02-21T13:55:43","guid":{"rendered":"http:\/\/www.munichoperahorns.com\/schumann-konzertstueck\/"},"modified":"2015-05-21T11:09:36","modified_gmt":"2015-05-21T09:09:36","slug":"schumann-konzertstueck","status":"publish","type":"page","link":"https:\/\/www.munichoperahorns.com\/en\/cds\/schumann-konzertstueck\/","title":{"rendered":"Schumann: Konzertst\u00fcck"},"content":{"rendered":"<h2>\u00a0<img loading=\"lazy\" decoding=\"async\" class=\"alignnone size-medium wp-image-188\" src=\"http:\/\/www.munichoperahorns.com\/mediafiles\/cd_schumann-300x297.jpg\" alt=\"cd_schumann\" width=\"300\" height=\"297\" srcset=\"https:\/\/www.munichoperahorns.com\/mediafiles\/cd_schumann-300x297.jpg 300w, https:\/\/www.munichoperahorns.com\/mediafiles\/cd_schumann-150x150.jpg 150w, https:\/\/www.munichoperahorns.com\/mediafiles\/cd_schumann-1024x1015.jpg 1024w, https:\/\/www.munichoperahorns.com\/mediafiles\/cd_schumann-81x80.jpg 81w, https:\/\/www.munichoperahorns.com\/mediafiles\/cd_schumann-807x800.jpg 807w, https:\/\/www.munichoperahorns.com\/mediafiles\/cd_schumann.jpg 1429w\" sizes=\"auto, (max-width: 300px) 100vw, 300px\" \/><\/h2>\n<h2>ROBERT SCHUMANN: KONZERTST\u00dcCK F\u00dcR VIER H\u00d6RNER<\/h2>\n<p><strong>Members of Munich Opera Horns<\/strong><br \/>\nJohannes\u00a0Dengler, Franz Draxinger, Rainer Schmitz, Maximilian Hochwimmer<\/p>\n<p><strong>Bayerisches Staatsorchester<\/strong><\/p>\n<p><strong>Kent Nagano<\/strong><\/p>\n<p>&nbsp;<\/p>\n<p><!-- [if gte mso 9]><xml>\n<w:WordDocument>\n<w:View>Normal<\/w:View>\n<w:Zoom>0<\/w:Zoom>\n<w:TrackMoves\/>\n<w:TrackFormatting\/>\n<w:HyphenationZone>21<\/w:HyphenationZone>\n<w:PunctuationKerning\/>\n<w:ValidateAgainstSchemas\/>\n<w:SaveIfXMLInvalid>false<\/w:SaveIfXMLInvalid>\n<w:IgnoreMixedContent>false<\/w:IgnoreMixedContent>\n<w:AlwaysShowPlaceholderText>false<\/w:AlwaysShowPlaceholderText>\n<w:DoNotPromoteQF\/>\n<w:LidThemeOther>DE<\/w:LidThemeOther>\n<w:LidThemeAsian>X-NONE<\/w:LidThemeAsian>\n<w:LidThemeComplexScript>X-NONE<\/w:LidThemeComplexScript>\n<w:Compatibility>\n<w:BreakWrappedTables\/>\n<w:SnapToGridInCell\/>\n<w:WrapTextWithPunct\/>\n<w:UseAsianBreakRules\/>\n<w:DontGrowAutofit\/>\n<w:SplitPgBreakAndParaMark\/>\n<w:DontVertAlignCellWithSp\/>\n<w:DontBreakConstrainedForcedTables\/>\n<w:DontVertAlignInTxbx\/>\n<w:Word11KerningPairs\/>\n<w:CachedColBalance\/>\n<\/w:Compatibility>\n<w:BrowserLevel>MicrosoftInternetExplorer4<\/w:BrowserLevel>\n<m:mathPr>\n<m:mathFont m:val=\"Cambria Math\"\/>\n<m:brkBin m:val=\"before\"\/>\n<m:brkBinSub m:val=\"&#45;-\"\/>\n<m:smallFrac m:val=\"off\"\/>\n<m:dispDef\/>\n<m:lMargin m:val=\"0\"\/>\n<m:rMargin m:val=\"0\"\/>\n<m:defJc m:val=\"centerGroup\"\/>\n<m:wrapIndent m:val=\"1440\"\/>\n<m:intLim m:val=\"subSup\"\/>\n<m:naryLim m:val=\"undOvr\"\/>\n<\/m:mathPr><\/w:WordDocument>\n<\/xml><![endif]--><\/p>\n<p><em>&#8220;Following two opening strokes by the full orchestra, the dauntless Munich hornists respond with a striking fanfare. It is a flourish that is arresting not only because it is powerful, but that is powerful because it is perfect &#8211; balance, intonation, tonal beauty &#8211; in all ways. And so goes the performance; we are off to the races and can only sit back and be amazed.&#8221;\u00a0\u00a0\u00a0\u00a0\u00a0\u00a0\u00a0\u00a0\u00a0\u00a0\u00a0\u00a0\u00a0\u00a0\u00a0\u00a0\u00a0\u00a0\u00a0\u00a0\u00a0\u00a0\u00a0\u00a0\u00a0\u00a0\u00a0\u00a0\u00a0\u00a0\u00a0\u00a0\u00a0\u00a0\u00a0\u00a0\u00a0\u00a0\u00a0\u00a0\u00a0\u00a0\u00a0\u00a0\u00a0\u00a0\u00a0\u00a0\u00a0\u00a0\u00a0\u00a0\u00a0\u00a0\u00a0\u00a0\u00a0\u00a0\u00a0<\/em>\u00a0\u00a0\u00a0\u00a0\u00a0\u00a0\u00a0\u00a0\u00a0\u00a0\u00a0\u00a0\u00a0\u00a0\u00a0\u00a0\u00a0\u00a0\u00a0\u00a0\u00a0\u00a0\u00a0\u00a0\u00a0\u00a0\u00a0\u00a0\u00a0\u00a0\u00a0\u00a0\u00a0\u00a0\u00a0\u00a0\u00a0\u00a0\u00a0\u00a0\u00a0\u00a0\u00a0\u00a0\u00a0\u00a0\u00a0\u00a0\u00a0\u00a0\u00a0\u00a0\u00a0\u00a0\u00a0\u00a0\u00a0\u00a0\u00a0\u00a0\u00a0\u00a0\u00a0\u00a0\u00a0\u00a0\u00a0\u00a0\u00a0\u00a0\u00a0\u00a0\u00a0\u00a0\u00a0\u00a0\u00a0\u00a0\u00a0\u00a0\u00a0\u00a0\u00a0\u00a0\u00a0\u00a0\u00a0\u00a0\u00a0\u00a0\u00a0\u00a0\u00a0\u00a0\u00a0\u00a0\u00a0\u00a0\u00a0\u00a0\u00a0\u00a0\u00a0\u00a0\u00a0\u00a0\u00a0\u00a0\u00a0\u00a0\u00a0\u00a0\u00a0\u00a0\u00a0\u00a0\u00a0\u00a0\u00a0\u00a0\u00a0\u00a0\u00a0\u00a0\u00a0\u00a0\u00a0\u00a0\u00a0\u00a0\u00a0\u00a0\u00a0\u00a0\u00a0\u00a0\u00a0\u00a0\u00a0\u00a0\u00a0\u00a0\u00a0\u00a0\u00a0\u00a0\u00a0\u00a0\u00a0\u00a0\u00a0\u00a0\u00a0\u00a0\u00a0\u00a0\u00a0\u00a0\u00a0\u00a0\u00a0\u00a0\u00a0\u00a0\u00a0\u00a0\u00a0\u00a0\u00a0\u00a0\u00a0\u00a0\u00a0\u00a0\u00a0\u00a0\u00a0\u00a0\u00a0\u00a0\u00a0\u00a0\u00a0\u00a0\u00a0\u00a0\u00a0\u00a0\u00a0\u00a0\u00a0 Paul Ballyk, hbdirect.com Newspaper March 2013<\/p>\n<p><em>&#8220;Schumann op. 86 liegt nun in einer atemberaubenden Referenzaufnahme vor.&#8221;<\/em><br \/>\nFreiburger Universit\u00e4tsbl\u00e4tter<\/p>\n<p><em>&#8220;&#8230;there are moments of pure magic and burnished, golden tone that one only hears from the best German horn players and orchestras\u2026&#8221;<\/em><br \/>\nThe Culture of New England<\/p>\n<p><em>\u201e\u2026 Anspruchsvolles St\u00fcck \u2013 bravour\u00f6s gemeistert. \u2026\u201c<\/em><br \/>\nNDR, Marcus St\u00e4bler<\/p>\n<p><em>&#8220;&#8230;doch zum echten H\u00f6hepunkt der CD wird ein St\u00fcck von Robert Schumann&#8230; Nagano l\u00e4\u00dft es zusammen mit der H\u00f6rnergruppe funkeln&#8230;bei diesem fr\u00fchlingshaftem Schumann wird es auch dem Analytiker ganz leicht zumute\u2026&#8221;<\/em><br \/>\nKlassik Radio<\/p>\n<p><em>&#8220;Die Brillanz, mit der die vier Hornisten aus den eigenen Reihen des Bayerischen Staatsorchesters bei der aktuellen Aufnahme von 2008 zu Werke gingen, d\u00fcrfte kaum zu \u00fcberbieten sein in ihrer Mischung aus schmetternder Virtuosit\u00e4t und kantabler Linienf\u00fchrung\u2026&#8221;<br \/>\n<\/em><em>&#8220;&#8230;eine neue Referenzaufnahme\u2026&#8221;<\/em><br \/>\nBR Klassik<\/p>\n<p><em>&#8220;Schwindelerregende Akkordbrechungen, zartestes Piano, strahlendes Forte ist naturgem\u00e4\u00df kein Problem f\u00fcr das Quartett, das zudem blind aufeinander eingespielt ist.&#8221;<\/em><br \/>\n&#8220;das Orchester&#8221; 03\/2013,\u00a0Johannes Killyen<\/p>\n<p><em>&#8220;In Schumanns Konzertst\u00fcck f\u00fcr vier H\u00f6rner meistern die vier Hornisten ihre sauschweren Partien souver\u00e4n.&#8221;<\/em><br \/>\nconcerti.de,\u00a0Markus St\u00e4bler<\/p>\n<p><strong><a href=\"http:\/\/www.farao-classics.de\/english\/catalogue\/nagano_staatsorchester_e.html\">order CD<\/a> <\/strong><\/p>\n<p>&nbsp;<\/p>\n","protected":false},"excerpt":{"rendered":"<p>\u00a0 ROBERT SCHUMANN: KONZERTST\u00dcCK F\u00dcR VIER H\u00d6RNER Members of Munich Opera Horns Johannes\u00a0Dengler, Franz Draxinger, Rainer Schmitz, Maximilian Hochwimmer Bayerisches Staatsorchester Kent Nagano &nbsp; &#8220;Following two opening strokes by the full orchestra, the dauntless Munich hornists respond with a striking fanfare. It is a flourish that is arresting not only because it is powerful, but [&hellip;]<\/p>\n","protected":false},"author":1,"featured_media":0,"parent":1381,"menu_order":2,"comment_status":"closed","ping_status":"closed","template":"","meta":{"_acf_changed":false,"footnotes":""},"class_list":["post-1361","page","type-page","status-publish","hentry"],"acf":[],"_links":{"self":[{"href":"https:\/\/www.munichoperahorns.com\/en\/wp-json\/wp\/v2\/pages\/1361","targetHints":{"allow":["GET"]}}],"collection":[{"href":"https:\/\/www.munichoperahorns.com\/en\/wp-json\/wp\/v2\/pages"}],"about":[{"href":"https:\/\/www.munichoperahorns.com\/en\/wp-json\/wp\/v2\/types\/page"}],"author":[{"embeddable":true,"href":"https:\/\/www.munichoperahorns.com\/en\/wp-json\/wp\/v2\/users\/1"}],"replies":[{"embeddable":true,"href":"https:\/\/www.munichoperahorns.com\/en\/wp-json\/wp\/v2\/comments?post=1361"}],"version-history":[{"count":5,"href":"https:\/\/www.munichoperahorns.com\/en\/wp-json\/wp\/v2\/pages\/1361\/revisions"}],"predecessor-version":[{"id":1570,"href":"https:\/\/www.munichoperahorns.com\/en\/wp-json\/wp\/v2\/pages\/1361\/revisions\/1570"}],"up":[{"embeddable":true,"href":"https:\/\/www.munichoperahorns.com\/en\/wp-json\/wp\/v2\/pages\/1381"}],"wp:attachment":[{"href":"https:\/\/www.munichoperahorns.com\/en\/wp-json\/wp\/v2\/media?parent=1361"}],"curies":[{"name":"wp","href":"https:\/\/api.w.org\/{rel}","templated":true}]}}