{"id":1362,"date":"2013-02-21T15:16:49","date_gmt":"2013-02-21T13:16:49","guid":{"rendered":"http:\/\/www.munichoperahorns.com\/archiv-2011\/"},"modified":"2015-05-14T15:41:25","modified_gmt":"2015-05-14T13:41:25","slug":"archive-2011","status":"publish","type":"page","link":"https:\/\/www.munichoperahorns.com\/en\/whats-on\/archive-2011\/","title":{"rendered":"Archive 2011"},"content":{"rendered":"<h2>KONZERTE 2011<\/h2>\n<p>11. September 2011<br \/>\nMusiksommer zwischen Inn und Salzach<br \/>\nKirchenkonzert<br \/>\nPfarrkirche \u00dcbersee<\/p>\n<p>28. Juli 2011<br \/>\nBayerische Staatsoper<br \/>\n<a href=\"http:\/\/www.bayerische.staatsoper.de\/938-ZG9tPWRvbTMmaWQ9MjQ2MyZsPWRlJnRlcm1pbj05ODIz-~spielplan~konzert~veranstaltungen~vorstellung.html\">5. Festspiel-Kammerkonzert 2011<\/a><br \/>\nCuvilli\u00e9s-Theater, M\u00fcnchen<\/p>\n<p>01. Mai 2011<br \/>\nK\u00fcnstlerhaus am Lenbachplatz<br \/>\nKonzert in den Mai<br \/>\nFestsaal, M\u00fcnchen<\/p>\n","protected":false},"excerpt":{"rendered":"<p>KONZERTE 2011 11. September 2011 Musiksommer zwischen Inn und Salzach Kirchenkonzert Pfarrkirche \u00dcbersee 28. Juli 2011 Bayerische Staatsoper 5. Festspiel-Kammerkonzert 2011 Cuvilli\u00e9s-Theater, M\u00fcnchen 01. Mai 2011 K\u00fcnstlerhaus am Lenbachplatz Konzert in den Mai Festsaal, M\u00fcnchen<\/p>\n","protected":false},"author":1,"featured_media":0,"parent":1382,"menu_order":15,"comment_status":"closed","ping_status":"closed","template":"tpl_events.php","meta":{"_acf_changed":false,"footnotes":""},"class_list":["post-1362","page","type-page","status-publish","hentry"],"acf":[],"_links":{"self":[{"href":"https:\/\/www.munichoperahorns.com\/en\/wp-json\/wp\/v2\/pages\/1362","targetHints":{"allow":["GET"]}}],"collection":[{"href":"https:\/\/www.munichoperahorns.com\/en\/wp-json\/wp\/v2\/pages"}],"about":[{"href":"https:\/\/www.munichoperahorns.com\/en\/wp-json\/wp\/v2\/types\/page"}],"author":[{"embeddable":true,"href":"https:\/\/www.munichoperahorns.com\/en\/wp-json\/wp\/v2\/users\/1"}],"replies":[{"embeddable":true,"href":"https:\/\/www.munichoperahorns.com\/en\/wp-json\/wp\/v2\/comments?post=1362"}],"version-history":[{"count":1,"href":"https:\/\/www.munichoperahorns.com\/en\/wp-json\/wp\/v2\/pages\/1362\/revisions"}],"predecessor-version":[{"id":1462,"href":"https:\/\/www.munichoperahorns.com\/en\/wp-json\/wp\/v2\/pages\/1362\/revisions\/1462"}],"up":[{"embeddable":true,"href":"https:\/\/www.munichoperahorns.com\/en\/wp-json\/wp\/v2\/pages\/1382"}],"wp:attachment":[{"href":"https:\/\/www.munichoperahorns.com\/en\/wp-json\/wp\/v2\/media?parent=1362"}],"curies":[{"name":"wp","href":"https:\/\/api.w.org\/{rel}","templated":true}]}}