{"id":1376,"date":"2013-01-23T17:10:00","date_gmt":"2013-01-23T15:10:00","guid":{"rendered":"http:\/\/www.munichoperahorns.com\/newsletter\/"},"modified":"2021-03-27T14:45:25","modified_gmt":"2021-03-27T12:45:25","slug":"newsletter","status":"publish","type":"page","link":"https:\/\/www.munichoperahorns.com\/en\/contact\/newsletter\/","title":{"rendered":"Newsletter"},"content":{"rendered":"<h2>Newsletter<\/h2>\n<p>Mit dem Newsletter bleiben sie auf dem Laufenden \u00fcber unsere neuesten Aktivit\u00e4ten. Nutzen Sie die bequeme Anmeldem\u00f6glichkeit:<\/p>\n","protected":false},"excerpt":{"rendered":"<p>Newsletter Mit dem Newsletter bleiben sie auf dem Laufenden \u00fcber unsere neuesten Aktivit\u00e4ten. Nutzen Sie die bequeme Anmeldem\u00f6glichkeit:<\/p>\n","protected":false},"author":1,"featured_media":0,"parent":1380,"menu_order":11,"comment_status":"closed","ping_status":"closed","template":"","meta":{"_acf_changed":false,"footnotes":""},"class_list":["post-1376","page","type-page","status-publish","hentry"],"acf":[],"_links":{"self":[{"href":"https:\/\/www.munichoperahorns.com\/en\/wp-json\/wp\/v2\/pages\/1376","targetHints":{"allow":["GET"]}}],"collection":[{"href":"https:\/\/www.munichoperahorns.com\/en\/wp-json\/wp\/v2\/pages"}],"about":[{"href":"https:\/\/www.munichoperahorns.com\/en\/wp-json\/wp\/v2\/types\/page"}],"author":[{"embeddable":true,"href":"https:\/\/www.munichoperahorns.com\/en\/wp-json\/wp\/v2\/users\/1"}],"replies":[{"embeddable":true,"href":"https:\/\/www.munichoperahorns.com\/en\/wp-json\/wp\/v2\/comments?post=1376"}],"version-history":[{"count":3,"href":"https:\/\/www.munichoperahorns.com\/en\/wp-json\/wp\/v2\/pages\/1376\/revisions"}],"predecessor-version":[{"id":1905,"href":"https:\/\/www.munichoperahorns.com\/en\/wp-json\/wp\/v2\/pages\/1376\/revisions\/1905"}],"up":[{"embeddable":true,"href":"https:\/\/www.munichoperahorns.com\/en\/wp-json\/wp\/v2\/pages\/1380"}],"wp:attachment":[{"href":"https:\/\/www.munichoperahorns.com\/en\/wp-json\/wp\/v2\/media?parent=1376"}],"curies":[{"name":"wp","href":"https:\/\/api.w.org\/{rel}","templated":true}]}}